{"id":1843,"date":"2024-03-22T13:14:33","date_gmt":"2024-03-22T13:14:33","guid":{"rendered":"https:\/\/eventspanien.com\/?page_id=1843"},"modified":"2024-05-07T12:07:08","modified_gmt":"2024-05-07T12:07:08","slug":"mc-rides","status":"publish","type":"page","link":"https:\/\/eventspanien.com\/sv\/mc-rides\/","title":{"rendered":"Mc-Rides"},"content":{"rendered":"<div data-elementor-type=\"wp-page\" data-elementor-id=\"1843\" class=\"elementor elementor-1843\" data-elementor-post-type=\"page\">\n\t\t\t\t\t\t<section class=\"elementor-section elementor-top-section elementor-element elementor-element-554b7a46 elementor-section-full_width elementor-section-height-default elementor-section-height-default parallax_section_no qode_elementor_container_no\" data-id=\"554b7a46\" data-element_type=\"section\" data-e-type=\"section\" data-settings=\"{&quot;background_background&quot;:&quot;classic&quot;}\">\n\t\t\t\t\t\t<div class=\"elementor-container elementor-column-gap-no\">\n\t\t\t\t\t<div class=\"elementor-column elementor-col-100 elementor-top-column elementor-element elementor-element-6dca128e\" data-id=\"6dca128e\" data-element_type=\"column\" data-e-type=\"column\">\n\t\t\t<div class=\"elementor-widget-wrap elementor-element-populated\">\n\t\t\t\t\t\t<section class=\"elementor-section elementor-inner-section elementor-element elementor-element-651e7fe2 elementor-section-full_width qode_elementor_container_inner elementor-section-height-default elementor-section-height-default parallax_section_no\" data-id=\"651e7fe2\" data-element_type=\"section\" data-e-type=\"section\">\n\t\t\t\t\t\t<div class=\"elementor-container elementor-column-gap-no\">\n\t\t\t\t\t<div class=\"elementor-column elementor-col-100 elementor-inner-column elementor-element elementor-element-1828ea10\" data-id=\"1828ea10\" data-element_type=\"column\" data-e-type=\"column\">\n\t\t\t<div class=\"elementor-widget-wrap elementor-element-populated\">\n\t\t\t\t\t\t<div class=\"elementor-element elementor-element-15181790 elementor-widget elementor-widget-text-editor\" data-id=\"15181790\" data-element_type=\"widget\" data-e-type=\"widget\" data-widget_type=\"text-editor.default\">\n\t\t\t\t<div class=\"elementor-widget-container\">\n\t\t\t\t\t\t\t\t\t<h1 style=\"text-align: center;\">Andalusiska \u00c4ventyr<\/h1>\t\t\t\t\t\t\t\t<\/div>\n\t\t\t\t<\/div>\n\t\t\t\t<div class=\"elementor-element elementor-element-24b0cba7 elementor-widget-divider--view-line elementor-widget elementor-widget-divider\" data-id=\"24b0cba7\" data-element_type=\"widget\" data-e-type=\"widget\" data-widget_type=\"divider.default\">\n\t\t\t\t<div class=\"elementor-widget-container\">\n\t\t\t\t\t\t\t<div class=\"elementor-divider\">\n\t\t\t<span class=\"elementor-divider-separator\">\n\t\t\t\t\t\t<\/span>\n\t\t<\/div>\n\t\t\t\t\t\t<\/div>\n\t\t\t\t<\/div>\n\t\t\t\t<div class=\"elementor-element elementor-element-8d28b6e elementor-widget elementor-widget-text-editor\" data-id=\"8d28b6e\" data-element_type=\"widget\" data-e-type=\"widget\" data-widget_type=\"text-editor.default\">\n\t\t\t\t<div class=\"elementor-widget-container\">\n\t\t\t\t\t\t\t\t\t<p><\/p>\n<p><span style=\"font-weight: 400;\">&#034;Den Andalusiska \u00c4ventyr&#034; av &#034; tour \u00e4r en f\u00e4ngslande tur genom syd\u00f6stra Andalusien, navigera noga utvalda rutter. Vi samarbetar med <a href=\"https:\/\/soulbiketours.com\/es\/\">Sj\u00e4l Bike Tours<\/a>ett erfaret f\u00f6retag med en l\u00e5ng bana i mc-v\u00e4rlden.&nbsp;<\/span><\/p>\n<p><span style=\"font-weight: 400;\">Denna v\u00e4g \u00e4r s\u00e4rskilt tilltalande f\u00f6r dem som uppskattar vacker utsikt och sp\u00e4nnande rider l\u00e4ngs slingrande v\u00e4gar. <\/span><\/p>\t\t\t\t\t\t\t\t<\/div>\n\t\t\t\t<\/div>\n\t\t\t\t<div class=\"elementor-element elementor-element-04f0e81 elementor-widget elementor-widget-text-editor\" data-id=\"04f0e81\" data-element_type=\"widget\" data-e-type=\"widget\" data-widget_type=\"text-editor.default\">\n\t\t\t\t<div class=\"elementor-widget-container\">\n\t\t\t\t\t\t\t\t\tAndra h\u00f6jdpunkter \u00e4r:\n<ul>\n \t<li >Hisnande utsiktsplatser<\/span><\/li>\n \t<li >Passionerad flamenco visar<\/span><\/li>\n \t<li >Sand dunes<\/span><\/li>\n \t<li >Moriska slott<\/span><\/li>\n \t<li >God lokal mat<\/span><\/li>\n<\/ul>\t\t\t\t\t\t\t\t<\/div>\n\t\t\t\t<\/div>\n\t\t\t\t\t<\/div>\n\t\t<\/div>\n\t\t\t\t\t<\/div>\n\t\t<\/section>\n\t\t\t\t\t<\/div>\n\t\t<\/div>\n\t\t\t\t\t<\/div>\n\t\t<\/section>\n\t\t\t\t<section class=\"elementor-section elementor-inner-section elementor-element elementor-element-8472927 elementor-section-full_width qode_elementor_container_inner elementor-section-height-default elementor-section-height-default parallax_section_no\" data-id=\"8472927\" data-element_type=\"section\" data-e-type=\"section\">\n\t\t\t\t\t\t<div class=\"elementor-container elementor-column-gap-no\">\n\t\t\t\t\t<div class=\"elementor-column elementor-col-50 elementor-inner-column elementor-element elementor-element-e040a26\" data-id=\"e040a26\" data-element_type=\"column\" data-e-type=\"column\">\n\t\t\t<div class=\"elementor-widget-wrap elementor-element-populated\">\n\t\t\t\t\t\t<div class=\"elementor-element elementor-element-c3a0d14 elementor-widget elementor-widget-image\" data-id=\"c3a0d14\" data-element_type=\"widget\" data-e-type=\"widget\" data-widget_type=\"image.default\">\n\t\t\t\t<div class=\"elementor-widget-container\">\n\t\t\t\t\t\t\t\t\t\t\t\t\t\t\t<img fetchpriority=\"high\" decoding=\"async\" width=\"523\" height=\"516\" src=\"https:\/\/eventspanien.com\/wp-content\/uploads\/2024\/04\/spaindsdsgd.png\" class=\"attachment-large size-large wp-image-2300\" alt=\"\" srcset=\"https:\/\/eventspanien.com\/wp-content\/uploads\/2024\/04\/spaindsdsgd.png 523w, https:\/\/eventspanien.com\/wp-content\/uploads\/2024\/04\/spaindsdsgd-300x296.png 300w, https:\/\/eventspanien.com\/wp-content\/uploads\/2024\/04\/spaindsdsgd-12x12.png 12w, https:\/\/eventspanien.com\/wp-content\/uploads\/2024\/04\/spaindsdsgd-65x65.png 65w, https:\/\/eventspanien.com\/wp-content\/uploads\/2024\/04\/spaindsdsgd-100x100.png 100w\" sizes=\"(max-width: 523px) 100vw, 523px\" \/>\t\t\t\t\t\t\t\t\t\t\t\t\t\t\t<\/div>\n\t\t\t\t<\/div>\n\t\t\t\t\t<\/div>\n\t\t<\/div>\n\t\t\t\t<div class=\"elementor-column elementor-col-50 elementor-inner-column elementor-element elementor-element-2978de3\" data-id=\"2978de3\" data-element_type=\"column\" data-e-type=\"column\">\n\t\t\t<div class=\"elementor-widget-wrap elementor-element-populated\">\n\t\t\t\t\t\t<div class=\"elementor-element elementor-element-779b478 elementor-widget elementor-widget-text-editor\" data-id=\"779b478\" data-element_type=\"widget\" data-e-type=\"widget\" data-widget_type=\"text-editor.default\">\n\t\t\t\t<div class=\"elementor-widget-container\">\n\t\t\t\t\t\t\t\t\t<h3>Detaljerad planering:<\/h3>\t\t\t\t\t\t\t\t<\/div>\n\t\t\t\t<\/div>\n\t\t\t\t<div class=\"elementor-element elementor-element-e94a5d6 elementor-widget-divider--view-line elementor-widget elementor-widget-divider\" data-id=\"e94a5d6\" data-element_type=\"widget\" data-e-type=\"widget\" data-widget_type=\"divider.default\">\n\t\t\t\t<div class=\"elementor-widget-container\">\n\t\t\t\t\t\t\t<div class=\"elementor-divider\">\n\t\t\t<span class=\"elementor-divider-separator\">\n\t\t\t\t\t\t<\/span>\n\t\t<\/div>\n\t\t\t\t\t\t<\/div>\n\t\t\t\t<\/div>\n\t\t\t\t<div class=\"elementor-element elementor-element-16a5851 elementor-widget elementor-widget-text-editor\" data-id=\"16a5851\" data-element_type=\"widget\" data-e-type=\"widget\" data-widget_type=\"text-editor.default\">\n\t\t\t\t<div class=\"elementor-widget-container\">\n\t\t\t\t\t\t\t\t\t<b>Flyg: K\u00f6penhamn (Kastrup) \u2013 M\u00e1laga \u2013 Ronda.<\/b> 149 km. Rutten kan \u00e4ven g\u00f6ras kortare. Det \u00e4r dagen du anl\u00e4nder och mellan plocka upp, leverans av motorcyklar, \u00e4ndra, etc., du beh\u00f6ver inte g\u00f6ra s\u00e5 mycket mer.\n<br><br>\n<b>Ronda \u2013 Sevilla<\/b>. 276 km. Ridning genom Sierra de Grazalema. Spektakul\u00e4r utsikt \u00f6ver bergen. En promenad genom Sevilla, en god middag och en flamenco show.\n<br><br>\n<b>Sevilla \u2013 Cordoba.<\/b> 188 km. Natt bes\u00f6k i Mosk\u00e9n fr\u00e5n 20:00 \u00e5tf\u00f6ljas av en l\u00e4cker m\u00e5ltid.\n<br><br>\n<b>C\u00f3rdoba \u2013 Granada.<\/b> 326 km.\n\nTravel through Sierra Morena and Sierra M\u00e1gina with the opportunity to visit an olive oil tasting and learn about the production process. : Granada (rest day). Private visit to Alhambra can be arranged.\n<br><br>\n<b>Granada \u2013 Malaga.<\/b> 298 km. Att g\u00e5 ner i Alpujarras regionen. I M\u00e1laga ett bes\u00f6k till <i> Alcazar slott <\/i> och Katedralen, och n\u00e5gra <i> boqueroncitos al lim\u00f3n <\/i> p\u00e5 Pimpi innan flyget tillbaka i eftermiddag.\t\t\t\t\t\t\t\t<\/div>\n\t\t\t\t<\/div>\n\t\t\t\t\t<\/div>\n\t\t<\/div>\n\t\t\t\t\t<\/div>\n\t\t<\/section>\n\t\t\t\t<section class=\"elementor-section elementor-top-section elementor-element elementor-element-276db49c elementor-section-full_width elementor-section-height-default elementor-section-height-default parallax_section_no qode_elementor_container_no\" data-id=\"276db49c\" data-element_type=\"section\" data-e-type=\"section\" data-settings=\"{&quot;background_background&quot;:&quot;classic&quot;}\">\n\t\t\t\t\t\t<div class=\"elementor-container elementor-column-gap-no\">\n\t\t\t\t\t<div class=\"elementor-column elementor-col-100 elementor-top-column elementor-element elementor-element-3e6af004\" data-id=\"3e6af004\" data-element_type=\"column\" data-e-type=\"column\">\n\t\t\t<div class=\"elementor-widget-wrap elementor-element-populated\">\n\t\t\t\t\t\t<div class=\"elementor-element elementor-element-5611190d elementor-widget elementor-widget-text-editor\" data-id=\"5611190d\" data-element_type=\"widget\" data-e-type=\"widget\" data-widget_type=\"text-editor.default\">\n\t\t\t\t<div class=\"elementor-widget-container\">\n\t\t\t\t\t\t\t\t\t<h1><span style=\"color: #ffffff;\"><a style=\"color: #ffffff;\" href=\"https:\/\/eventspanien.com\/sv\/contact\/\">Redo att utforska?<\/a><\/span><\/h1>\t\t\t\t\t\t\t\t<\/div>\n\t\t\t\t<\/div>\n\t\t\t\t<div class=\"elementor-element elementor-element-36b43589 elementor-widget elementor-widget-text-editor\" data-id=\"36b43589\" data-element_type=\"widget\" data-e-type=\"widget\" data-widget_type=\"text-editor.default\">\n\t\t\t\t<div class=\"elementor-widget-container\">\n\t\t\t\t\t\t\t\t\t<h5 style=\"text-align: center;\"><span style=\"color: #ffffff;\"><a style=\"color: #ffffff;\" href=\"https:\/\/eventspanien.com\/sv\/contact\/\">Boka din resa idag!<\/a><\/span><\/h5>\t\t\t\t\t\t\t\t<\/div>\n\t\t\t\t<\/div>\n\t\t\t\t\t<\/div>\n\t\t<\/div>\n\t\t\t\t\t<\/div>\n\t\t<\/section>\n\t\t\t\t<\/div>","protected":false},"excerpt":{"rendered":"<p>Andalusian Adventures The \u201cAndalusian Adventures\u201d\u2019 tour is a captivating tour through south-eastern Andalusia, navigating carefully selected routes. We collaborate with Soul Bike Tours, an experienced company with a long trajectory in the motorcycle world.&nbsp; This route is particularly appealing to those who appreciate scenic views&#8230;<\/p>","protected":false},"author":2,"featured_media":0,"parent":0,"menu_order":0,"comment_status":"closed","ping_status":"closed","template":"full_width.php","meta":{"footnotes":""},"class_list":["post-1843","page","type-page","status-publish","hentry"],"yoast_head":"<!-- This site is optimized with the Yoast SEO plugin v27.3 - https:\/\/yoast.com\/product\/yoast-seo-wordpress\/ -->\n<title>Mc-Rides - Event Spanien<\/title>\n<meta name=\"robots\" content=\"index, follow, max-snippet:-1, max-image-preview:large, max-video-preview:-1\" \/>\n<link rel=\"canonical\" href=\"https:\/\/eventspanien.com\/sv\/mc-rides\/\" \/>\n<meta property=\"og:locale\" content=\"sv_SE\" \/>\n<meta property=\"og:type\" content=\"article\" \/>\n<meta property=\"og:title\" content=\"Mc-Rides - Event Spanien\" \/>\n<meta property=\"og:description\" content=\"Andalusian Adventures The \u201cAndalusian Adventures\u201d\u2019 tour is a captivating tour through south-eastern Andalusia, navigating carefully selected routes. We collaborate with Soul Bike Tours, an experienced company with a long trajectory in the motorcycle world.&nbsp; This route is particularly appealing to those who appreciate scenic views...\" \/>\n<meta property=\"og:url\" content=\"https:\/\/eventspanien.com\/sv\/mc-rides\/\" \/>\n<meta property=\"og:site_name\" content=\"Event Spanien\" \/>\n<meta property=\"article:modified_time\" content=\"2024-05-07T12:07:08+00:00\" \/>\n<meta property=\"og:image\" content=\"https:\/\/eventspanien.com\/wp-content\/uploads\/2024\/04\/spaindsdsgd.png\" \/>\n<meta name=\"twitter:card\" content=\"summary_large_image\" \/>\n<meta name=\"twitter:label1\" content=\"Ber\u00e4knad l\u00e4stid\" \/>\n\t<meta name=\"twitter:data1\" content=\"2 minuter\" \/>\n<script type=\"application\/ld+json\" class=\"yoast-schema-graph\">{\"@context\":\"https:\\\/\\\/schema.org\",\"@graph\":[{\"@type\":\"WebPage\",\"@id\":\"https:\\\/\\\/eventspanien.com\\\/mc-rides\\\/\",\"url\":\"https:\\\/\\\/eventspanien.com\\\/mc-rides\\\/\",\"name\":\"Mc-Rides - Event Spanien\",\"isPartOf\":{\"@id\":\"https:\\\/\\\/eventspanien.com\\\/#website\"},\"primaryImageOfPage\":{\"@id\":\"https:\\\/\\\/eventspanien.com\\\/mc-rides\\\/#primaryimage\"},\"image\":{\"@id\":\"https:\\\/\\\/eventspanien.com\\\/mc-rides\\\/#primaryimage\"},\"thumbnailUrl\":\"https:\\\/\\\/eventspanien.com\\\/wp-content\\\/uploads\\\/2024\\\/04\\\/spaindsdsgd.png\",\"datePublished\":\"2024-03-22T13:14:33+00:00\",\"dateModified\":\"2024-05-07T12:07:08+00:00\",\"breadcrumb\":{\"@id\":\"https:\\\/\\\/eventspanien.com\\\/mc-rides\\\/#breadcrumb\"},\"inLanguage\":\"sv-SE\",\"potentialAction\":[{\"@type\":\"ReadAction\",\"target\":[\"https:\\\/\\\/eventspanien.com\\\/mc-rides\\\/\"]}]},{\"@type\":\"ImageObject\",\"inLanguage\":\"sv-SE\",\"@id\":\"https:\\\/\\\/eventspanien.com\\\/mc-rides\\\/#primaryimage\",\"url\":\"https:\\\/\\\/eventspanien.com\\\/wp-content\\\/uploads\\\/2024\\\/04\\\/spaindsdsgd.png\",\"contentUrl\":\"https:\\\/\\\/eventspanien.com\\\/wp-content\\\/uploads\\\/2024\\\/04\\\/spaindsdsgd.png\"},{\"@type\":\"BreadcrumbList\",\"@id\":\"https:\\\/\\\/eventspanien.com\\\/mc-rides\\\/#breadcrumb\",\"itemListElement\":[{\"@type\":\"ListItem\",\"position\":1,\"name\":\"Home\",\"item\":\"https:\\\/\\\/eventspanien.com\\\/\"},{\"@type\":\"ListItem\",\"position\":2,\"name\":\"Mc-Rides\"}]},{\"@type\":\"WebSite\",\"@id\":\"https:\\\/\\\/eventspanien.com\\\/#website\",\"url\":\"https:\\\/\\\/eventspanien.com\\\/\",\"name\":\"Eventspanien\",\"description\":\"\",\"publisher\":{\"@id\":\"https:\\\/\\\/eventspanien.com\\\/#organization\"},\"potentialAction\":[{\"@type\":\"SearchAction\",\"target\":{\"@type\":\"EntryPoint\",\"urlTemplate\":\"https:\\\/\\\/eventspanien.com\\\/?s={search_term_string}\"},\"query-input\":{\"@type\":\"PropertyValueSpecification\",\"valueRequired\":true,\"valueName\":\"search_term_string\"}}],\"inLanguage\":\"sv-SE\"},{\"@type\":\"Organization\",\"@id\":\"https:\\\/\\\/eventspanien.com\\\/#organization\",\"name\":\"Eventspanien\",\"url\":\"https:\\\/\\\/eventspanien.com\\\/\",\"logo\":{\"@type\":\"ImageObject\",\"inLanguage\":\"sv-SE\",\"@id\":\"https:\\\/\\\/eventspanien.com\\\/#\\\/schema\\\/logo\\\/image\\\/\",\"url\":\"https:\\\/\\\/eventspanien.com\\\/wp-content\\\/uploads\\\/2024\\\/02\\\/Logo.jpg\",\"contentUrl\":\"https:\\\/\\\/eventspanien.com\\\/wp-content\\\/uploads\\\/2024\\\/02\\\/Logo.jpg\",\"width\":310,\"height\":194,\"caption\":\"Eventspanien\"},\"image\":{\"@id\":\"https:\\\/\\\/eventspanien.com\\\/#\\\/schema\\\/logo\\\/image\\\/\"}}]}<\/script>\n<!-- \/ Yoast SEO plugin. -->","yoast_head_json":{"title":"Mc-Rides - Event Spanien","robots":{"index":"index","follow":"follow","max-snippet":"max-snippet:-1","max-image-preview":"max-image-preview:large","max-video-preview":"max-video-preview:-1"},"canonical":"https:\/\/eventspanien.com\/sv\/mc-rides\/","og_locale":"sv_SE","og_type":"article","og_title":"Mc-Rides - Event Spanien","og_description":"Andalusian Adventures The \u201cAndalusian Adventures\u201d\u2019 tour is a captivating tour through south-eastern Andalusia, navigating carefully selected routes. We collaborate with Soul Bike Tours, an experienced company with a long trajectory in the motorcycle world.&nbsp; This route is particularly appealing to those who appreciate scenic views...","og_url":"https:\/\/eventspanien.com\/sv\/mc-rides\/","og_site_name":"Event Spanien","article_modified_time":"2024-05-07T12:07:08+00:00","og_image":[{"url":"https:\/\/eventspanien.com\/wp-content\/uploads\/2024\/04\/spaindsdsgd.png","type":"","width":"","height":""}],"twitter_card":"summary_large_image","twitter_misc":{"Ber\u00e4knad l\u00e4stid":"2 minuter"},"schema":{"@context":"https:\/\/schema.org","@graph":[{"@type":"WebPage","@id":"https:\/\/eventspanien.com\/mc-rides\/","url":"https:\/\/eventspanien.com\/mc-rides\/","name":"Mc-Rides - Event Spanien","isPartOf":{"@id":"https:\/\/eventspanien.com\/#website"},"primaryImageOfPage":{"@id":"https:\/\/eventspanien.com\/mc-rides\/#primaryimage"},"image":{"@id":"https:\/\/eventspanien.com\/mc-rides\/#primaryimage"},"thumbnailUrl":"https:\/\/eventspanien.com\/wp-content\/uploads\/2024\/04\/spaindsdsgd.png","datePublished":"2024-03-22T13:14:33+00:00","dateModified":"2024-05-07T12:07:08+00:00","breadcrumb":{"@id":"https:\/\/eventspanien.com\/mc-rides\/#breadcrumb"},"inLanguage":"sv-SE","potentialAction":[{"@type":"ReadAction","target":["https:\/\/eventspanien.com\/mc-rides\/"]}]},{"@type":"ImageObject","inLanguage":"sv-SE","@id":"https:\/\/eventspanien.com\/mc-rides\/#primaryimage","url":"https:\/\/eventspanien.com\/wp-content\/uploads\/2024\/04\/spaindsdsgd.png","contentUrl":"https:\/\/eventspanien.com\/wp-content\/uploads\/2024\/04\/spaindsdsgd.png"},{"@type":"BreadcrumbList","@id":"https:\/\/eventspanien.com\/mc-rides\/#breadcrumb","itemListElement":[{"@type":"ListItem","position":1,"name":"Home","item":"https:\/\/eventspanien.com\/"},{"@type":"ListItem","position":2,"name":"Mc-Rides"}]},{"@type":"WebSite","@id":"https:\/\/eventspanien.com\/#website","url":"https:\/\/eventspanien.com\/","name":"Eventspanien","description":"","publisher":{"@id":"https:\/\/eventspanien.com\/#organization"},"potentialAction":[{"@type":"SearchAction","target":{"@type":"EntryPoint","urlTemplate":"https:\/\/eventspanien.com\/?s={search_term_string}"},"query-input":{"@type":"PropertyValueSpecification","valueRequired":true,"valueName":"search_term_string"}}],"inLanguage":"sv-SE"},{"@type":"Organization","@id":"https:\/\/eventspanien.com\/#organization","name":"Eventspanien","url":"https:\/\/eventspanien.com\/","logo":{"@type":"ImageObject","inLanguage":"sv-SE","@id":"https:\/\/eventspanien.com\/#\/schema\/logo\/image\/","url":"https:\/\/eventspanien.com\/wp-content\/uploads\/2024\/02\/Logo.jpg","contentUrl":"https:\/\/eventspanien.com\/wp-content\/uploads\/2024\/02\/Logo.jpg","width":310,"height":194,"caption":"Eventspanien"},"image":{"@id":"https:\/\/eventspanien.com\/#\/schema\/logo\/image\/"}}]}},"_links":{"self":[{"href":"https:\/\/eventspanien.com\/sv\/wp-json\/wp\/v2\/pages\/1843","targetHints":{"allow":["GET"]}}],"collection":[{"href":"https:\/\/eventspanien.com\/sv\/wp-json\/wp\/v2\/pages"}],"about":[{"href":"https:\/\/eventspanien.com\/sv\/wp-json\/wp\/v2\/types\/page"}],"author":[{"embeddable":true,"href":"https:\/\/eventspanien.com\/sv\/wp-json\/wp\/v2\/users\/2"}],"replies":[{"embeddable":true,"href":"https:\/\/eventspanien.com\/sv\/wp-json\/wp\/v2\/comments?post=1843"}],"version-history":[{"count":65,"href":"https:\/\/eventspanien.com\/sv\/wp-json\/wp\/v2\/pages\/1843\/revisions"}],"predecessor-version":[{"id":2798,"href":"https:\/\/eventspanien.com\/sv\/wp-json\/wp\/v2\/pages\/1843\/revisions\/2798"}],"wp:attachment":[{"href":"https:\/\/eventspanien.com\/sv\/wp-json\/wp\/v2\/media?parent=1843"}],"curies":[{"name":"wp","href":"https:\/\/api.w.org\/{rel}","templated":true}]}}