{"id":1911,"date":"2024-03-22T16:57:39","date_gmt":"2024-03-22T16:57:39","guid":{"rendered":"https:\/\/eventspanien.com\/?page_id=1911"},"modified":"2024-05-13T12:07:31","modified_gmt":"2024-05-13T12:07:31","slug":"companies-and-groups","status":"publish","type":"page","link":"https:\/\/eventspanien.com\/sv\/companies-and-groups\/","title":{"rendered":"Team \u2013 Building- Konferenser \u2013 F\u00f6retagsevent"},"content":{"rendered":"<div data-elementor-type=\"wp-page\" data-elementor-id=\"1911\" class=\"elementor elementor-1911\" data-elementor-post-type=\"page\">\n\t\t\t\t\t\t<section class=\"elementor-section elementor-top-section elementor-element elementor-element-554b7a46 elementor-section-full_width elementor-section-height-default elementor-section-height-default parallax_section_no qode_elementor_container_no\" data-id=\"554b7a46\" data-element_type=\"section\" data-e-type=\"section\" data-settings=\"{&quot;background_background&quot;:&quot;classic&quot;}\">\n\t\t\t\t\t\t<div class=\"elementor-container elementor-column-gap-no\">\n\t\t\t\t\t<div class=\"elementor-column elementor-col-100 elementor-top-column elementor-element elementor-element-6dca128e\" data-id=\"6dca128e\" data-element_type=\"column\" data-e-type=\"column\">\n\t\t\t<div class=\"elementor-widget-wrap elementor-element-populated\">\n\t\t\t\t\t\t<section class=\"elementor-section elementor-inner-section elementor-element elementor-element-651e7fe2 elementor-section-full_width qode_elementor_container_inner elementor-section-height-default elementor-section-height-default parallax_section_no\" data-id=\"651e7fe2\" data-element_type=\"section\" data-e-type=\"section\">\n\t\t\t\t\t\t<div class=\"elementor-container elementor-column-gap-no\">\n\t\t\t\t\t<div class=\"elementor-column elementor-col-50 elementor-inner-column elementor-element elementor-element-1828ea10\" data-id=\"1828ea10\" data-element_type=\"column\" data-e-type=\"column\">\n\t\t\t<div class=\"elementor-widget-wrap elementor-element-populated\">\n\t\t\t\t\t\t<div class=\"elementor-element elementor-element-629d7a2 elementor-widget elementor-widget-image\" data-id=\"629d7a2\" data-element_type=\"widget\" data-e-type=\"widget\" data-widget_type=\"image.default\">\n\t\t\t\t<div class=\"elementor-widget-container\">\n\t\t\t\t\t\t\t\t\t\t\t\t\t\t\t<img fetchpriority=\"high\" decoding=\"async\" width=\"523\" height=\"516\" src=\"https:\/\/eventspanien.com\/wp-content\/uploads\/2024\/05\/spainsdgd.png\" class=\"attachment-large size-large wp-image-2969\" alt=\"\" srcset=\"https:\/\/eventspanien.com\/wp-content\/uploads\/2024\/05\/spainsdgd.png 523w, https:\/\/eventspanien.com\/wp-content\/uploads\/2024\/05\/spainsdgd-300x296.png 300w, https:\/\/eventspanien.com\/wp-content\/uploads\/2024\/05\/spainsdgd-12x12.png 12w\" sizes=\"(max-width: 523px) 100vw, 523px\" \/>\t\t\t\t\t\t\t\t\t\t\t\t\t\t\t<\/div>\n\t\t\t\t<\/div>\n\t\t\t\t\t<\/div>\n\t\t<\/div>\n\t\t\t\t<div class=\"elementor-column elementor-col-50 elementor-inner-column elementor-element elementor-element-3eedcc1\" data-id=\"3eedcc1\" data-element_type=\"column\" data-e-type=\"column\">\n\t\t\t<div class=\"elementor-widget-wrap elementor-element-populated\">\n\t\t\t\t\t\t<div class=\"elementor-element elementor-element-5358c51 elementor-widget elementor-widget-text-editor\" data-id=\"5358c51\" data-element_type=\"widget\" data-e-type=\"widget\" data-widget_type=\"text-editor.default\">\n\t\t\t\t<div class=\"elementor-widget-container\">\n\t\t\t\t\t\t\t\t\t<h1>Att fr\u00e4mja H\u00e5llbar Tillv\u00e4xt, Kulturellt Utbyte och Ekonomiska M\u00f6jligheter.<\/h1>\t\t\t\t\t\t\t\t<\/div>\n\t\t\t\t<\/div>\n\t\t\t\t<div class=\"elementor-element elementor-element-986f25e elementor-widget-divider--view-line elementor-widget elementor-widget-divider\" data-id=\"986f25e\" data-element_type=\"widget\" data-e-type=\"widget\" data-widget_type=\"divider.default\">\n\t\t\t\t<div class=\"elementor-widget-container\">\n\t\t\t\t\t\t\t<div class=\"elementor-divider\">\n\t\t\t<span class=\"elementor-divider-separator\">\n\t\t\t\t\t\t<\/span>\n\t\t<\/div>\n\t\t\t\t\t\t<\/div>\n\t\t\t\t<\/div>\n\t\t\t\t<div class=\"elementor-element elementor-element-f918f66 elementor-widget elementor-widget-text-editor\" data-id=\"f918f66\" data-element_type=\"widget\" data-e-type=\"widget\" data-widget_type=\"text-editor.default\">\n\t\t\t\t<div class=\"elementor-widget-container\">\n\t\t\t\t\t\t\t\t\tPlanering f\u00f6retagsevent utomlands kan vara \u00f6verv\u00e4ldigande, s\u00e4rskilt n\u00e4r du har ont om tid och os\u00e4ker p\u00e5 r\u00e4tt leverant\u00f6rer och rutiner. Det \u00e4r d\u00e4r vi steg i att hj\u00e4lpa dig att organisera olika evenemang i Andalusien. Vi f\u00f6renkla processen och h\u00e5lla kostnaderna nere genom att samarbeta med lokala leverant\u00f6rer och att utnyttja den expertis som av h\u00e4ndelse-och sjukv\u00e5rdspersonal, f\u00f6r att du ska uppn\u00e5 dina m\u00e5l p\u00e5 ett smidigt s\u00e4tt.\n\t\t\t\t\t\t\t\t<\/div>\n\t\t\t\t<\/div>\n\t\t\t\t<div class=\"elementor-element elementor-element-d789760 elementor-widget elementor-widget-text-editor\" data-id=\"d789760\" data-element_type=\"widget\" data-e-type=\"widget\" data-widget_type=\"text-editor.default\">\n\t\t\t\t<div class=\"elementor-widget-container\">\n\t\t\t\t\t\t\t\t\tVi \u00e4r specialiserade p\u00e5 att organisera alla typer av evenemang och konferenser, allt fr\u00e5n mindre m\u00f6ten till stora f\u00f6retagsevent. Det handlar om att vi tar hand om allt arbete s\u00e5 att du kan fokusera p\u00e5 att njuta av eventet. V\u00e5rt team kan hantera alla aspekter av planering och k\u00f6r teambuilding-evenemang, inklusive:\n\t\t\t\t\t\t\t\t<\/div>\n\t\t\t\t<\/div>\n\t\t\t\t\t<\/div>\n\t\t<\/div>\n\t\t\t\t\t<\/div>\n\t\t<\/section>\n\t\t\t\t<section class=\"elementor-section elementor-inner-section elementor-element elementor-element-696d9c2 elementor-section-full_width qode_elementor_container_inner elementor-section-height-default elementor-section-height-default parallax_section_no\" data-id=\"696d9c2\" data-element_type=\"section\" data-e-type=\"section\">\n\t\t\t\t\t\t<div class=\"elementor-container elementor-column-gap-no\">\n\t\t\t\t\t<div class=\"elementor-column elementor-col-50 elementor-inner-column elementor-element elementor-element-1a736fd\" data-id=\"1a736fd\" data-element_type=\"column\" data-e-type=\"column\">\n\t\t\t<div class=\"elementor-widget-wrap elementor-element-populated\">\n\t\t\t\t\t\t<div class=\"elementor-element elementor-element-4622635 elementor-widget elementor-widget-text-editor\" data-id=\"4622635\" data-element_type=\"widget\" data-e-type=\"widget\" data-widget_type=\"text-editor.default\">\n\t\t\t\t<div class=\"elementor-widget-container\">\n\t\t\t\t\t\t\t\t\t<h1>Innovativa L\u00f6sningar<\/h1>\t\t\t\t\t\t\t\t<\/div>\n\t\t\t\t<\/div>\n\t\t\t\t<div class=\"elementor-element elementor-element-83ea020 elementor-widget-divider--view-line elementor-widget elementor-widget-divider\" data-id=\"83ea020\" data-element_type=\"widget\" data-e-type=\"widget\" data-widget_type=\"divider.default\">\n\t\t\t\t<div class=\"elementor-widget-container\">\n\t\t\t\t\t\t\t<div class=\"elementor-divider\">\n\t\t\t<span class=\"elementor-divider-separator\">\n\t\t\t\t\t\t<\/span>\n\t\t<\/div>\n\t\t\t\t\t\t<\/div>\n\t\t\t\t<\/div>\n\t\t\t\t<div class=\"elementor-element elementor-element-2c5a551 elementor-widget elementor-widget-text-editor\" data-id=\"2c5a551\" data-element_type=\"widget\" data-e-type=\"widget\" data-widget_type=\"text-editor.default\">\n\t\t\t\t<div class=\"elementor-widget-container\">\n\t\t\t\t\t\t\t\t\t\n\nV\u00e5rt team kan hantera alla aspekter av planering och k\u00f6r teambuilding-evenemang, inklusive:\t\t\t\t\t\t\t\t<\/div>\n\t\t\t\t<\/div>\n\t\t\t\t<div class=\"elementor-element elementor-element-735f739 elementor-widget elementor-widget-text-editor\" data-id=\"735f739\" data-element_type=\"widget\" data-e-type=\"widget\" data-widget_type=\"text-editor.default\">\n\t\t\t\t<div class=\"elementor-widget-container\">\n\t\t\t\t\t\t\t\t\t<ul><li>Seminarier och utbildningsdagar<\/li>\n \t<li>Utveckling av ledarskap<\/li>\n \t<li>Skr\u00e4ddarsydda resor<\/li>\n \t<li>Event management<\/li>\n \t<li>Teambuilding-aktiviteter<\/li>\n \t<li>Kv\u00e4llen underh\u00e5llning<\/li>\n \t<li>Catering<\/li>\n \t<li>Logi<\/li>\n<\/ul>\t\t\t\t\t\t\t\t<\/div>\n\t\t\t\t<\/div>\n\t\t\t\t\t<\/div>\n\t\t<\/div>\n\t\t\t\t<div class=\"elementor-column elementor-col-50 elementor-inner-column elementor-element elementor-element-5c06dfb\" data-id=\"5c06dfb\" data-element_type=\"column\" data-e-type=\"column\">\n\t\t\t<div class=\"elementor-widget-wrap elementor-element-populated\">\n\t\t\t\t\t\t<div class=\"elementor-element elementor-element-afc2761 elementor-widget elementor-widget-image\" data-id=\"afc2761\" data-element_type=\"widget\" data-e-type=\"widget\" data-widget_type=\"image.default\">\n\t\t\t\t<div class=\"elementor-widget-container\">\n\t\t\t\t\t\t\t\t\t\t\t\t\t\t\t<img decoding=\"async\" width=\"523\" height=\"516\" src=\"https:\/\/eventspanien.com\/wp-content\/uploads\/2024\/05\/spainsdgc.png\" class=\"attachment-large size-large wp-image-2968\" alt=\"\" srcset=\"https:\/\/eventspanien.com\/wp-content\/uploads\/2024\/05\/spainsdgc.png 523w, https:\/\/eventspanien.com\/wp-content\/uploads\/2024\/05\/spainsdgc-300x296.png 300w, https:\/\/eventspanien.com\/wp-content\/uploads\/2024\/05\/spainsdgc-12x12.png 12w\" sizes=\"(max-width: 523px) 100vw, 523px\" \/>\t\t\t\t\t\t\t\t\t\t\t\t\t\t\t<\/div>\n\t\t\t\t<\/div>\n\t\t\t\t\t<\/div>\n\t\t<\/div>\n\t\t\t\t\t<\/div>\n\t\t<\/section>\n\t\t\t\t\t<\/div>\n\t\t<\/div>\n\t\t\t\t\t<\/div>\n\t\t<\/section>\n\t\t\t\t<section class=\"elementor-section elementor-top-section elementor-element elementor-element-08aadba elementor-section-full_width elementor-section-height-default elementor-section-height-default parallax_section_no qode_elementor_container_no\" data-id=\"08aadba\" data-element_type=\"section\" data-e-type=\"section\" data-settings=\"{&quot;background_background&quot;:&quot;classic&quot;}\">\n\t\t\t\t\t\t<div class=\"elementor-container elementor-column-gap-no\">\n\t\t\t\t\t<div class=\"elementor-column elementor-col-100 elementor-top-column elementor-element elementor-element-0972614\" data-id=\"0972614\" data-element_type=\"column\" data-e-type=\"column\">\n\t\t\t<div class=\"elementor-widget-wrap elementor-element-populated\">\n\t\t\t\t\t\t<div class=\"elementor-element elementor-element-3d65207 elementor-widget elementor-widget-text-editor\" data-id=\"3d65207\" data-element_type=\"widget\" data-e-type=\"widget\" data-widget_type=\"text-editor.default\">\n\t\t\t\t<div class=\"elementor-widget-container\">\n\t\t\t\t\t\t\t\t\t<h1><span style=\"color: #ffffff;\"><a style=\"color: #ffffff;\" href=\"https:\/\/eventspanien.com\/sv\/contact\/\">Redo att utforska?<\/a><\/span><\/h1>\t\t\t\t\t\t\t\t<\/div>\n\t\t\t\t<\/div>\n\t\t\t\t<div class=\"elementor-element elementor-element-2a1f1c3 elementor-widget elementor-widget-text-editor\" data-id=\"2a1f1c3\" data-element_type=\"widget\" data-e-type=\"widget\" data-widget_type=\"text-editor.default\">\n\t\t\t\t<div class=\"elementor-widget-container\">\n\t\t\t\t\t\t\t\t\t<h5 style=\"text-align: center;\"><span style=\"color: #ffffff;\"><a style=\"color: #ffffff;\" href=\"https:\/\/eventspanien.com\/sv\/contact\/\">Boka din resa idag!<\/a><\/span><\/h5>\t\t\t\t\t\t\t\t<\/div>\n\t\t\t\t<\/div>\n\t\t\t\t\t<\/div>\n\t\t<\/div>\n\t\t\t\t\t<\/div>\n\t\t<\/section>\n\t\t\t\t<\/div>","protected":false},"excerpt":{"rendered":"<p>Fostering Sustainable Growth, Cultural Exchange and Economic Opportunities. Planning corporate events overseas can be overwhelming, especially when you are short of time and unsure of the right providers and procedures. That is where we step in to help you organize various events in Andaluc\u00eda. We&#8230;<\/p>","protected":false},"author":2,"featured_media":0,"parent":0,"menu_order":0,"comment_status":"closed","ping_status":"closed","template":"full_width.php","meta":{"footnotes":""},"class_list":["post-1911","page","type-page","status-publish","hentry"],"yoast_head":"<!-- This site is optimized with the Yoast SEO plugin v27.3 - https:\/\/yoast.com\/product\/yoast-seo-wordpress\/ -->\n<title>Team Building - Conferences - Corporate Retreats - Event Spanien<\/title>\n<meta name=\"robots\" content=\"index, follow, max-snippet:-1, max-image-preview:large, max-video-preview:-1\" \/>\n<link rel=\"canonical\" href=\"https:\/\/eventspanien.com\/sv\/companies-and-groups\/\" \/>\n<meta property=\"og:locale\" content=\"sv_SE\" \/>\n<meta property=\"og:type\" content=\"article\" \/>\n<meta property=\"og:title\" content=\"Team Building - Conferences - Corporate Retreats - Event Spanien\" \/>\n<meta property=\"og:description\" content=\"Fostering Sustainable Growth, Cultural Exchange and Economic Opportunities. Planning corporate events overseas can be overwhelming, especially when you are short of time and unsure of the right providers and procedures. That is where we step in to help you organize various events in Andaluc\u00eda. We...\" \/>\n<meta property=\"og:url\" content=\"https:\/\/eventspanien.com\/sv\/companies-and-groups\/\" \/>\n<meta property=\"og:site_name\" content=\"Event Spanien\" \/>\n<meta property=\"article:modified_time\" content=\"2024-05-13T12:07:31+00:00\" \/>\n<meta property=\"og:image\" content=\"https:\/\/eventspanien.com\/wp-content\/uploads\/2024\/05\/spainsdgd.png\" \/>\n<meta name=\"twitter:card\" content=\"summary_large_image\" \/>\n<meta name=\"twitter:label1\" content=\"Ber\u00e4knad l\u00e4stid\" \/>\n\t<meta name=\"twitter:data1\" content=\"2 minuter\" \/>\n<script type=\"application\/ld+json\" class=\"yoast-schema-graph\">{\"@context\":\"https:\\\/\\\/schema.org\",\"@graph\":[{\"@type\":\"WebPage\",\"@id\":\"https:\\\/\\\/eventspanien.com\\\/companies-and-groups\\\/\",\"url\":\"https:\\\/\\\/eventspanien.com\\\/companies-and-groups\\\/\",\"name\":\"Team Building - Conferences - Corporate Retreats - Event Spanien\",\"isPartOf\":{\"@id\":\"https:\\\/\\\/eventspanien.com\\\/#website\"},\"primaryImageOfPage\":{\"@id\":\"https:\\\/\\\/eventspanien.com\\\/companies-and-groups\\\/#primaryimage\"},\"image\":{\"@id\":\"https:\\\/\\\/eventspanien.com\\\/companies-and-groups\\\/#primaryimage\"},\"thumbnailUrl\":\"https:\\\/\\\/eventspanien.com\\\/wp-content\\\/uploads\\\/2024\\\/05\\\/spainsdgd.png\",\"datePublished\":\"2024-03-22T16:57:39+00:00\",\"dateModified\":\"2024-05-13T12:07:31+00:00\",\"breadcrumb\":{\"@id\":\"https:\\\/\\\/eventspanien.com\\\/companies-and-groups\\\/#breadcrumb\"},\"inLanguage\":\"sv-SE\",\"potentialAction\":[{\"@type\":\"ReadAction\",\"target\":[\"https:\\\/\\\/eventspanien.com\\\/companies-and-groups\\\/\"]}]},{\"@type\":\"ImageObject\",\"inLanguage\":\"sv-SE\",\"@id\":\"https:\\\/\\\/eventspanien.com\\\/companies-and-groups\\\/#primaryimage\",\"url\":\"https:\\\/\\\/eventspanien.com\\\/wp-content\\\/uploads\\\/2024\\\/05\\\/spainsdgd.png\",\"contentUrl\":\"https:\\\/\\\/eventspanien.com\\\/wp-content\\\/uploads\\\/2024\\\/05\\\/spainsdgd.png\"},{\"@type\":\"BreadcrumbList\",\"@id\":\"https:\\\/\\\/eventspanien.com\\\/companies-and-groups\\\/#breadcrumb\",\"itemListElement\":[{\"@type\":\"ListItem\",\"position\":1,\"name\":\"Home\",\"item\":\"https:\\\/\\\/eventspanien.com\\\/\"},{\"@type\":\"ListItem\",\"position\":2,\"name\":\"Team Building &#8211; Conferences &#8211; Corporate Retreats\"}]},{\"@type\":\"WebSite\",\"@id\":\"https:\\\/\\\/eventspanien.com\\\/#website\",\"url\":\"https:\\\/\\\/eventspanien.com\\\/\",\"name\":\"Eventspanien\",\"description\":\"\",\"publisher\":{\"@id\":\"https:\\\/\\\/eventspanien.com\\\/#organization\"},\"potentialAction\":[{\"@type\":\"SearchAction\",\"target\":{\"@type\":\"EntryPoint\",\"urlTemplate\":\"https:\\\/\\\/eventspanien.com\\\/?s={search_term_string}\"},\"query-input\":{\"@type\":\"PropertyValueSpecification\",\"valueRequired\":true,\"valueName\":\"search_term_string\"}}],\"inLanguage\":\"sv-SE\"},{\"@type\":\"Organization\",\"@id\":\"https:\\\/\\\/eventspanien.com\\\/#organization\",\"name\":\"Eventspanien\",\"url\":\"https:\\\/\\\/eventspanien.com\\\/\",\"logo\":{\"@type\":\"ImageObject\",\"inLanguage\":\"sv-SE\",\"@id\":\"https:\\\/\\\/eventspanien.com\\\/#\\\/schema\\\/logo\\\/image\\\/\",\"url\":\"https:\\\/\\\/eventspanien.com\\\/wp-content\\\/uploads\\\/2024\\\/02\\\/Logo.jpg\",\"contentUrl\":\"https:\\\/\\\/eventspanien.com\\\/wp-content\\\/uploads\\\/2024\\\/02\\\/Logo.jpg\",\"width\":310,\"height\":194,\"caption\":\"Eventspanien\"},\"image\":{\"@id\":\"https:\\\/\\\/eventspanien.com\\\/#\\\/schema\\\/logo\\\/image\\\/\"}}]}<\/script>\n<!-- \/ Yoast SEO plugin. -->","yoast_head_json":{"title":"Team Building - Conferences - Corporate Retreats - Event Spanien","robots":{"index":"index","follow":"follow","max-snippet":"max-snippet:-1","max-image-preview":"max-image-preview:large","max-video-preview":"max-video-preview:-1"},"canonical":"https:\/\/eventspanien.com\/sv\/companies-and-groups\/","og_locale":"sv_SE","og_type":"article","og_title":"Team Building - Conferences - Corporate Retreats - Event Spanien","og_description":"Fostering Sustainable Growth, Cultural Exchange and Economic Opportunities. Planning corporate events overseas can be overwhelming, especially when you are short of time and unsure of the right providers and procedures. That is where we step in to help you organize various events in Andaluc\u00eda. We...","og_url":"https:\/\/eventspanien.com\/sv\/companies-and-groups\/","og_site_name":"Event Spanien","article_modified_time":"2024-05-13T12:07:31+00:00","og_image":[{"url":"https:\/\/eventspanien.com\/wp-content\/uploads\/2024\/05\/spainsdgd.png","type":"","width":"","height":""}],"twitter_card":"summary_large_image","twitter_misc":{"Ber\u00e4knad l\u00e4stid":"2 minuter"},"schema":{"@context":"https:\/\/schema.org","@graph":[{"@type":"WebPage","@id":"https:\/\/eventspanien.com\/companies-and-groups\/","url":"https:\/\/eventspanien.com\/companies-and-groups\/","name":"Team Building - Conferences - Corporate Retreats - Event Spanien","isPartOf":{"@id":"https:\/\/eventspanien.com\/#website"},"primaryImageOfPage":{"@id":"https:\/\/eventspanien.com\/companies-and-groups\/#primaryimage"},"image":{"@id":"https:\/\/eventspanien.com\/companies-and-groups\/#primaryimage"},"thumbnailUrl":"https:\/\/eventspanien.com\/wp-content\/uploads\/2024\/05\/spainsdgd.png","datePublished":"2024-03-22T16:57:39+00:00","dateModified":"2024-05-13T12:07:31+00:00","breadcrumb":{"@id":"https:\/\/eventspanien.com\/companies-and-groups\/#breadcrumb"},"inLanguage":"sv-SE","potentialAction":[{"@type":"ReadAction","target":["https:\/\/eventspanien.com\/companies-and-groups\/"]}]},{"@type":"ImageObject","inLanguage":"sv-SE","@id":"https:\/\/eventspanien.com\/companies-and-groups\/#primaryimage","url":"https:\/\/eventspanien.com\/wp-content\/uploads\/2024\/05\/spainsdgd.png","contentUrl":"https:\/\/eventspanien.com\/wp-content\/uploads\/2024\/05\/spainsdgd.png"},{"@type":"BreadcrumbList","@id":"https:\/\/eventspanien.com\/companies-and-groups\/#breadcrumb","itemListElement":[{"@type":"ListItem","position":1,"name":"Home","item":"https:\/\/eventspanien.com\/"},{"@type":"ListItem","position":2,"name":"Team Building &#8211; Conferences &#8211; Corporate Retreats"}]},{"@type":"WebSite","@id":"https:\/\/eventspanien.com\/#website","url":"https:\/\/eventspanien.com\/","name":"Eventspanien","description":"","publisher":{"@id":"https:\/\/eventspanien.com\/#organization"},"potentialAction":[{"@type":"SearchAction","target":{"@type":"EntryPoint","urlTemplate":"https:\/\/eventspanien.com\/?s={search_term_string}"},"query-input":{"@type":"PropertyValueSpecification","valueRequired":true,"valueName":"search_term_string"}}],"inLanguage":"sv-SE"},{"@type":"Organization","@id":"https:\/\/eventspanien.com\/#organization","name":"Eventspanien","url":"https:\/\/eventspanien.com\/","logo":{"@type":"ImageObject","inLanguage":"sv-SE","@id":"https:\/\/eventspanien.com\/#\/schema\/logo\/image\/","url":"https:\/\/eventspanien.com\/wp-content\/uploads\/2024\/02\/Logo.jpg","contentUrl":"https:\/\/eventspanien.com\/wp-content\/uploads\/2024\/02\/Logo.jpg","width":310,"height":194,"caption":"Eventspanien"},"image":{"@id":"https:\/\/eventspanien.com\/#\/schema\/logo\/image\/"}}]}},"_links":{"self":[{"href":"https:\/\/eventspanien.com\/sv\/wp-json\/wp\/v2\/pages\/1911","targetHints":{"allow":["GET"]}}],"collection":[{"href":"https:\/\/eventspanien.com\/sv\/wp-json\/wp\/v2\/pages"}],"about":[{"href":"https:\/\/eventspanien.com\/sv\/wp-json\/wp\/v2\/types\/page"}],"author":[{"embeddable":true,"href":"https:\/\/eventspanien.com\/sv\/wp-json\/wp\/v2\/users\/2"}],"replies":[{"embeddable":true,"href":"https:\/\/eventspanien.com\/sv\/wp-json\/wp\/v2\/comments?post=1911"}],"version-history":[{"count":139,"href":"https:\/\/eventspanien.com\/sv\/wp-json\/wp\/v2\/pages\/1911\/revisions"}],"predecessor-version":[{"id":2978,"href":"https:\/\/eventspanien.com\/sv\/wp-json\/wp\/v2\/pages\/1911\/revisions\/2978"}],"wp:attachment":[{"href":"https:\/\/eventspanien.com\/sv\/wp-json\/wp\/v2\/media?parent=1911"}],"curies":[{"name":"wp","href":"https:\/\/api.w.org\/{rel}","templated":true}]}}